{"id":3,"date":"2020-05-24T07:11:08","date_gmt":"2020-05-24T07:11:08","guid":{"rendered":"http:\/\/demo.ovathemes.com\/ireca\/?page_id=3"},"modified":"2025-04-16T09:07:43","modified_gmt":"2025-04-16T07:07:43","slug":"termeni-si-conditii","status":"publish","type":"page","link":"https:\/\/bigrentcar.ro\/en\/termeni-si-conditii\/","title":{"rendered":"Terms and conditions"},"content":{"rendered":"<h3>The customer has the obligation:<\/h3>\n<ul>\n<li>possess a national or international driving license<\/li>\n<li>comply with all traffic rules applied in Romania<\/li>\n<li>do not drive under the influence of alcohol, drugs or other prohibited substances<\/li>\n<li>notify the tenant if the car is faulty. All interventions on the car must be carried out with the consent of the driver in a service approved by him<\/li>\n<li>ATTENTION: the airport tax IS NOT INCLUDED IN THE PRICE<\/li>\n<\/ul>\n<h3>Documents required for collection of the car:<\/h3>\n<ul>\n<li>valid identity card or passport<\/li>\n<li>valid national or international driving license with at least one year's experience<\/li>\n<li>credit card is not required<\/li>\n<\/ul>\n<h3>Rental price - Guarantee:<\/h3>\n<ul>\n<li>Tarifele de inchiriere pot suferi modificari, telefonic se pot verifica cel mai sigur.<\/li>\n<li>garan\u021bia este \u00eentre 150 \u0219i 300 EURO \u00een func\u021bie de ma\u0219in\u0103<\/li>\n<li>payment is made in full when taking over the vehicle, at the time of signing the contract by the customer<\/li>\n<li>payment can be made in cash: RON, EURO, USD or in other convertible currencies calculated in RON at the NBR exchange rate on the day of renting the car<\/li>\n<li>All\u00a0<b>prices<\/b> displayed contain VAT<\/li>\n<\/ul>\n<h3>Insurance:<\/h3>\n<p>All\u00a0<b>cars<\/b>\u00a0from autopark\u00a0<b><i>BIG RENT CAR<\/i><\/b>\u00a0have insurance\u00a0<b>RCA<\/b>,\u00a0<b>Rovinieta<\/b>,\u00a0<b>winter tires,<\/b> included in the rental price.<br \/>\nThe customer will be responsible for:<\/p>\n<ul>\n<li>payment of fines and penalties received while the vehicle is in use;<\/li>\n<li>defects caused by improper use of the rented car;<\/li>\n<li>defects caused by spare parts, covers or other goods existing in the vehicle<\/li>\n<\/ul>\n<h3>Handing over - taking over the car:<\/h3>\n<ul>\n<li>the car is handed over clean<\/li>\n<li>Handing over - taking over the car:<b>\u00a0Constan\u021ba\u00a0<\/b><\/li>\n<\/ul>\n<h3>Returning the car:<\/h3>\n<ul>\n<li>the client is asked to contact the company <b>BIG RENT CAR<\/b> at least 3 hours before handing over the car<\/li>\n<li>autoturismul va fi predat curat, iar pentru a veni \u00een spirjinul clientului, o pute\u021bi preda \u0219i murdar\u0103. \u00cen schimbul acestui serviciu percepem o tax\u0103 de 100 ron.<\/li>\n<\/ul>\n<h3>General conditions:<\/h3>\n<ul>\n<li>the client bears all expenses related to the restoration of documents, keys, accessories in case they are lost through his fault<\/li>\n<li>unlimited km included in the rental fee<\/li>\n<li>the extension of the rental contract can be done only with the consent of the lessor, at least 24 hours before its expiration and only within the limit of the availability of the vehicle<\/li>\n<li><b>BIG RENT CAR<\/b>\u00a0 permite trecerea frontierelor cu autovehiculele companiei, cu acordul nostru, prin \u00eemputernicire la alte tarife de inchiriere si garantie<\/li>\n<li>The additional driver is charged extra but it is mandatory to mention it in the rental contract<\/li>\n<li>There is an additional charge for each additional day<\/li>\n<\/ul>","protected":false},"excerpt":{"rendered":"<p>Clientul are obliga\u021bia: s\u0103 de\u021bin\u0103 un permis de conducere na\u021bional sau interna\u021bional s\u0103 respecte toate regulile de circula\u021bie aplicate pe teritoriul Rom\u00e2niei s\u0103 nu conduc\u0103 masina sub influen\u021ba b\u0103uturilor alcoolice, a drogurilor sau a altor substan\u021be interzise s\u0103 anun\u021be \u00eenchiriatorul dac\u0103 ma\u0219ina are defecte. Toate interven\u021biile la ma\u0219in\u0103 trebuie f\u0103cute cu acordul \u00eenchiriatorului \u00eentr-un service [&hellip;]<\/p>","protected":false},"author":1,"featured_media":0,"parent":0,"menu_order":0,"comment_status":"closed","ping_status":"closed","template":"","meta":{"footnotes":""},"_links":{"self":[{"href":"https:\/\/bigrentcar.ro\/en\/wp-json\/wp\/v2\/pages\/3"}],"collection":[{"href":"https:\/\/bigrentcar.ro\/en\/wp-json\/wp\/v2\/pages"}],"about":[{"href":"https:\/\/bigrentcar.ro\/en\/wp-json\/wp\/v2\/types\/page"}],"author":[{"embeddable":true,"href":"https:\/\/bigrentcar.ro\/en\/wp-json\/wp\/v2\/users\/1"}],"replies":[{"embeddable":true,"href":"https:\/\/bigrentcar.ro\/en\/wp-json\/wp\/v2\/comments?post=3"}],"version-history":[{"count":7,"href":"https:\/\/bigrentcar.ro\/en\/wp-json\/wp\/v2\/pages\/3\/revisions"}],"predecessor-version":[{"id":3868,"href":"https:\/\/bigrentcar.ro\/en\/wp-json\/wp\/v2\/pages\/3\/revisions\/3868"}],"wp:attachment":[{"href":"https:\/\/bigrentcar.ro\/en\/wp-json\/wp\/v2\/media?parent=3"}],"curies":[{"name":"wp","href":"https:\/\/api.w.org\/{rel}","templated":true}]}}